{"id":135,"date":"2011-02-17T11:47:12","date_gmt":"2011-02-17T11:47:12","guid":{"rendered":"http:\/\/www.atelier-kusenberg.de\/?page_id=135"},"modified":"2025-02-12T12:03:37","modified_gmt":"2025-02-12T12:03:37","slug":"uber","status":"publish","type":"page","link":"http:\/\/blog.kusenberg-bilder.de\/?page_id=135","title":{"rendered":"\u00fcber"},"content":{"rendered":"<p>Menschen bei ihrer Arbeit, in ihrem Alltag, aber auch vor neutralem oder aufwendig inszeniertem Hindergrund auf treffende und ungew\u00f6hnliche Weise einzufangen, das ist die gro\u00dfe Passion von Sebastian Kusenberg. Egal ob es darum geht, Personengruppen wirkungsvoll in Szene zu setzen oder das individuelle Minenspiel in Gesichtern freizulegen, immer ist es sein Ziel, ausdrucksstarke Portraits zu schaffen, die etwas erz\u00e4hlen und auf Dauer im Ged\u00e4chtnis bleiben.<\/p>\n<p>Als diplomierter Fotodesigner und Meistersch\u00fcler Bildende Kunst der UdK Berlin deckt er die beiden entscheidenden Aspekte der k\u00fcnstlerischen Fotografie ab: Auf der einen Seite technisches K\u00f6nnen, das von digitalen Fotos bis zum Arbeiten mit der analogen Gro\u00dfbildkamera geht, auf der anderen Seite gestalterische Raffinesse. Dazu geh\u00f6rt ein k\u00fcnstlerisches Gesp\u00fcr f\u00fcr Bildkomposition und\u00a0 Lichtgestaltung, aber auch die pr\u00e4zise und \u00fcberlegte Wahl geeigneter \u00d6rtlichkeiten und Umgebungen. Das Atelier Kusenberg in Berlin-Mitte bietet mit seinen hellen, atmosph\u00e4rischen R\u00e4umen und der modernen, technischen Ausstattung einen ruhigen Ort f\u00fcr inspirierende Portraitsitzungen.<\/p>\n<p>Seit \u00fcber 35 Jahren arbeitet Sebastian Kusenberg mit der Kamera f\u00fcr so unterschiedliche Auftraggeber wie Stern, Spiegel, Zeitmagazin, Weltkunst, dem Rowohltverlag, sowie f\u00fcr zahlreiche Privatpersonen, darunter viele K\u00fcnstler. F\u00fcr Reportagen, Buchumschl\u00e4ge, Kataloge und Ausstellungen hat er prominente Pers\u00f6nlichkeiten des \u00f6ffentlichen Lebens portraitiert, K\u00fcnstler und ihre Werke fotografisch festgehalten, aber auch die Philharmoniker, Fischer an der Elbe oder Schlachtenbummler des Hamburger SV expressiv ins Bild gesetzt.<\/p>\n<p>Sebastian Kusenbergs eigene k\u00fcnstlerische Arbeiten sind auf <a href=\"http:\/\/www.sebastiankusenberg.de\" target=\"_blank\" rel=\"noopener\">www.sebastiankusenberg.de<\/a> sehen.<\/p>\n","protected":false},"excerpt":{"rendered":"<p>Menschen bei ihrer Arbeit, in ihrem Alltag, aber auch vor neutralem oder aufwendig inszeniertem Hindergrund auf treffende und ungew\u00f6hnliche Weise einzufangen, das ist die gro\u00dfe Passion von Sebastian Kusenberg. Egal ob es darum geht, Personengruppen wirkungsvoll in Szene zu setzen oder das individuelle Minenspiel in Gesichtern freizulegen, immer ist es sein Ziel, ausdrucksstarke Portraits zu [&hellip;]<\/p>\n","protected":false},"author":1,"featured_media":0,"parent":0,"menu_order":2,"comment_status":"closed","ping_status":"closed","template":"ueber.php","meta":{"footnotes":""},"class_list":["post-135","page","type-page","status-publish","hentry"],"_links":{"self":[{"href":"http:\/\/blog.kusenberg-bilder.de\/index.php?rest_route=\/wp\/v2\/pages\/135","targetHints":{"allow":["GET"]}}],"collection":[{"href":"http:\/\/blog.kusenberg-bilder.de\/index.php?rest_route=\/wp\/v2\/pages"}],"about":[{"href":"http:\/\/blog.kusenberg-bilder.de\/index.php?rest_route=\/wp\/v2\/types\/page"}],"author":[{"embeddable":true,"href":"http:\/\/blog.kusenberg-bilder.de\/index.php?rest_route=\/wp\/v2\/users\/1"}],"replies":[{"embeddable":true,"href":"http:\/\/blog.kusenberg-bilder.de\/index.php?rest_route=%2Fwp%2Fv2%2Fcomments&post=135"}],"version-history":[{"count":2,"href":"http:\/\/blog.kusenberg-bilder.de\/index.php?rest_route=\/wp\/v2\/pages\/135\/revisions"}],"predecessor-version":[{"id":179,"href":"http:\/\/blog.kusenberg-bilder.de\/index.php?rest_route=\/wp\/v2\/pages\/135\/revisions\/179"}],"wp:attachment":[{"href":"http:\/\/blog.kusenberg-bilder.de\/index.php?rest_route=%2Fwp%2Fv2%2Fmedia&parent=135"}],"curies":[{"name":"wp","href":"https:\/\/api.w.org\/{rel}","templated":true}]}}