{"id":153,"date":"2011-02-24T11:55:09","date_gmt":"2011-02-24T11:55:09","guid":{"rendered":"http:\/\/www.atelier-kusenberg.de\/?page_id=153"},"modified":"2025-02-12T12:06:13","modified_gmt":"2025-02-12T12:06:13","slug":"impressum","status":"publish","type":"page","link":"http:\/\/blog.kusenberg-bilder.de\/?page_id=153","title":{"rendered":"impressum"},"content":{"rendered":"<p><strong>Impressum \/ Disclaimer<\/strong><br \/>\n<strong>Verantwortlich gem\u00e4\u00df \u00a76 Teledienstgesetz<\/strong><\/p>\n<p>Sebastian Kusenberg<br \/>\nChristinenstr.15 10119 Berlin<br \/>\nTelefon\u00a0 +49 30 4485762<br \/>\nMobil\u00a0 +49 1705813495<br \/>\neMail:\u00a0 sebakus@gmx.de<\/p>\n<p><strong>Haftungsausschlu\u00df \/ Disclaimer<\/strong><br \/>\nDas Web-Angebot wird nach bestem Wissen und Gewissen erstellt und gepflegt. Dennoch k\u00f6nnen wir fehlerhafte Angaben grunds\u00e4tzlich nicht ausschliessen und \u00fcbernehmen somit keine Gew\u00e4hr f\u00fcr die Korrektheit der bereitgestellten Informationen. \u00c4nderungen sind jederzeit vorbehalten.<\/p>\n<p>Im Sinne des Urteils vom 12.05.1998 des Landgerichts Hamburg distanzieren wir uns ausdr\u00fccklich von Inhalten jeglicher Art, die auf den von uns verlinkten Internetseiten au\u00dferhalb von www.atelier-kusenberg.de liegen. Wir erkl\u00e4ren ausdr\u00fccklich, da\u00df wir auf Inhalte und Gestaltung der Seiten au\u00dferhalb dieser Domain keinen Einflu\u00df haben und somit nicht daf\u00fcr verantwortlich sind.<\/p>\n<p>Das Copyright f\u00fcr in diese Website enthaltende Texte, Bilder, Grafiken, Sound-, Ton- und Video- bzw. Animationsdokumente liegt bei Sebastian Kusenberg, wenn nicht anders genannt. Eine Vervielf\u00e4ltigung oder Verwendung dieser Dokumente und Dateien ist nicht ohne ausdr\u00fcckliche Zustimmung von Sebastian Kusenberg gestattet.<\/p>\n<p><strong>Konzept und Gestaltung : Bruno Dorn, Berlin \/ Frankfurt<\/strong><\/p>\n<p><strong>Text &#8220;\u00fcber&#8221;: Dr. J\u00fcrgen Br\u00e4unlein, Berlin<\/strong><\/p>\n<p><strong>Umsetzung: Marco Demba, Berlin<\/strong><\/p>\n","protected":false},"excerpt":{"rendered":"<p>Impressum \/ Disclaimer Verantwortlich gem\u00e4\u00df \u00a76 Teledienstgesetz Sebastian Kusenberg Christinenstr.15 10119 Berlin Telefon\u00a0 +49 30 4485762 Mobil\u00a0 +49 1705813495 eMail:\u00a0 sebakus@gmx.de Haftungsausschlu\u00df \/ Disclaimer Das Web-Angebot wird nach bestem Wissen und Gewissen erstellt und gepflegt. Dennoch k\u00f6nnen wir fehlerhafte Angaben grunds\u00e4tzlich nicht ausschliessen und \u00fcbernehmen somit keine Gew\u00e4hr f\u00fcr die Korrektheit der bereitgestellten Informationen. \u00c4nderungen [&hellip;]<\/p>\n","protected":false},"author":1,"featured_media":0,"parent":0,"menu_order":6,"comment_status":"closed","ping_status":"closed","template":"impressum.php","meta":{"footnotes":""},"class_list":["post-153","page","type-page","status-publish","hentry"],"_links":{"self":[{"href":"http:\/\/blog.kusenberg-bilder.de\/index.php?rest_route=\/wp\/v2\/pages\/153","targetHints":{"allow":["GET"]}}],"collection":[{"href":"http:\/\/blog.kusenberg-bilder.de\/index.php?rest_route=\/wp\/v2\/pages"}],"about":[{"href":"http:\/\/blog.kusenberg-bilder.de\/index.php?rest_route=\/wp\/v2\/types\/page"}],"author":[{"embeddable":true,"href":"http:\/\/blog.kusenberg-bilder.de\/index.php?rest_route=\/wp\/v2\/users\/1"}],"replies":[{"embeddable":true,"href":"http:\/\/blog.kusenberg-bilder.de\/index.php?rest_route=%2Fwp%2Fv2%2Fcomments&post=153"}],"version-history":[{"count":2,"href":"http:\/\/blog.kusenberg-bilder.de\/index.php?rest_route=\/wp\/v2\/pages\/153\/revisions"}],"predecessor-version":[{"id":181,"href":"http:\/\/blog.kusenberg-bilder.de\/index.php?rest_route=\/wp\/v2\/pages\/153\/revisions\/181"}],"wp:attachment":[{"href":"http:\/\/blog.kusenberg-bilder.de\/index.php?rest_route=%2Fwp%2Fv2%2Fmedia&parent=153"}],"curies":[{"name":"wp","href":"https:\/\/api.w.org\/{rel}","templated":true}]}}